


{"id":295,"date":"2018-05-02T21:46:54","date_gmt":"2018-05-02T20:46:54","guid":{"rendered":"https:\/\/sportingclubparisvolley.wordpress.com\/?page_id=295"},"modified":"2018-06-13T13:37:30","modified_gmt":"2018-06-13T11:37:30","slug":"devenir-partenaire","status":"publish","type":"page","link":"https:\/\/scparisvolley.eu\/index.php\/devenir-partenaire\/","title":{"rendered":"Devenir partenaire"},"content":{"rendered":"<p><strong>Sponsoring ou m\u00e9c\u00e9nat : co\u00fbt pour le donateur ?<\/strong><\/p>\n<p>Deux cas de figure sont possibles :<\/p>\n<ul>\n<li>Sponsoring : Soutien mat\u00e9riel et\/ou financier en vue d\u2019en tirer un b\u00e9n\u00e9fice direct, est assimilable \u00e0 une op\u00e9ration de publicit\u00e9. Les d\u00e9penses en sponsoring sont int\u00e9gralement d\u00e9ductibles du r\u00e9sultat net.<\/li>\n<li>M\u00e9c\u00e9nat : Soutien mat\u00e9riel et\/ou financier sans contrepartie directe de la part du b\u00e9n\u00e9ficiaire, est assimilable \u00e0 un don. Les d\u00e9penses en m\u00e9c\u00e9nat permettent des r\u00e9ductions d\u2019imp\u00f4ts : 60% des sommes vers\u00e9es, avec pour plafond 0,5% du CA HT r\u00e9alis\u00e9 en France m\u00e9tropolitaine. Lorsque les dons exc\u00e8dent ces limites (entreprises et particuliers), l\u2019exc\u00e9dent est report\u00e9 successivement sur les 5 ann\u00e9es suivantes.<\/li>\n<\/ul>\n<p><strong>Contact :<br \/>\n<\/strong><br \/>\nEmail : \u00e0 <a href=\"mailto:scpvolley@gmail.com\">scpvolley@gmail.com<\/a><\/p>\n<p>&nbsp;<\/p>\n","protected":false},"excerpt":{"rendered":"<p>Sponsoring ou m\u00e9c\u00e9nat : co\u00fbt pour le donateur ? Deux cas de figure sont possibles : Sponsoring : Soutien mat\u00e9riel et\/ou financier en vue d\u2019en tirer un b\u00e9n\u00e9fice direct, est assimilable \u00e0 une op\u00e9ration de publicit\u00e9. Les d\u00e9penses en sponsoring sont int\u00e9gralement d\u00e9ductibles du r\u00e9sultat net. M\u00e9c\u00e9nat : Soutien mat\u00e9riel et\/ou financier sans contrepartie directe&#8230; <\/p>\n<div class=\"clear\"><\/div>\n<p><a href=\"https:\/\/scparisvolley.eu\/index.php\/devenir-partenaire\/\" class=\"gdlr-info-font excerpt-read-more\">Read More<\/a><\/p>\n","protected":false},"author":2,"featured_media":0,"parent":0,"menu_order":0,"comment_status":"closed","ping_status":"closed","template":"","meta":{"footnotes":""},"_links":{"self":[{"href":"https:\/\/scparisvolley.eu\/index.php\/wp-json\/wp\/v2\/pages\/295"}],"collection":[{"href":"https:\/\/scparisvolley.eu\/index.php\/wp-json\/wp\/v2\/pages"}],"about":[{"href":"https:\/\/scparisvolley.eu\/index.php\/wp-json\/wp\/v2\/types\/page"}],"author":[{"embeddable":true,"href":"https:\/\/scparisvolley.eu\/index.php\/wp-json\/wp\/v2\/users\/2"}],"replies":[{"embeddable":true,"href":"https:\/\/scparisvolley.eu\/index.php\/wp-json\/wp\/v2\/comments?post=295"}],"version-history":[{"count":3,"href":"https:\/\/scparisvolley.eu\/index.php\/wp-json\/wp\/v2\/pages\/295\/revisions"}],"predecessor-version":[{"id":3954,"href":"https:\/\/scparisvolley.eu\/index.php\/wp-json\/wp\/v2\/pages\/295\/revisions\/3954"}],"wp:attachment":[{"href":"https:\/\/scparisvolley.eu\/index.php\/wp-json\/wp\/v2\/media?parent=295"}],"curies":[{"name":"wp","href":"https:\/\/api.w.org\/{rel}","templated":true}]}}