


{"id":3304,"date":"2014-12-02T19:22:21","date_gmt":"2014-12-02T19:22:21","guid":{"rendered":"http:\/\/themes.goodlayers.com\/thekeynote\/?page_id=3304"},"modified":"2026-03-26T15:14:55","modified_gmt":"2026-03-26T14:14:55","slug":"homepage","status":"publish","type":"page","link":"https:\/\/scparisvolley.eu\/","title":{"rendered":"Accueil"},"content":{"rendered":"\n<p>Bienvenue sur le site du Sporting Club Paris Volley<\/p>\n\n\n\n<figure class=\"wp-block-image size-large\"><img loading=\"lazy\" decoding=\"async\" width=\"1024\" height=\"512\" src=\"https:\/\/scparisvolley.eu\/wp-content\/uploads\/2019\/07\/scpv_tournoi-1024x512.jpg\" alt=\"\" class=\"wp-image-4257\" srcset=\"https:\/\/scparisvolley.eu\/wp-content\/uploads\/2019\/07\/scpv_tournoi-1024x512.jpg 1024w, https:\/\/scparisvolley.eu\/wp-content\/uploads\/2019\/07\/scpv_tournoi-300x150.jpg 300w, https:\/\/scparisvolley.eu\/wp-content\/uploads\/2019\/07\/scpv_tournoi-768x384.jpg 768w, https:\/\/scparisvolley.eu\/wp-content\/uploads\/2019\/07\/scpv_tournoi.jpg 1711w\" sizes=\"(max-width: 1024px) 100vw, 1024px\" \/><\/figure>\n\n\n\n<p><\/p>\n\n\n\n<p>Voici le lien pour la liste d&rsquo;attente pour la saison prochaine :<\/p>\n\n\n\n<ul>\n<li>les seniors (n\u00e9(e) 2004 et avant) : (lien \u00e0 venir)<\/li>\n<\/ul>\n\n\n\n<p><\/p>\n\n\n\n<ul>\n<li>les jeunes (n\u00e9(e) 2005 et avant) : (lien \u00e0 venir)<\/li>\n<\/ul>\n\n\n\n<p><\/p>\n\n\n\n<p><\/p>\n\n\n\n<p><strong>Merci de ne pas compl\u00e9ter plusieurs fois ce questionnaire, une fois suffit.<\/strong><\/p>\n\n\n\n<p><strong>Les entrainements ont lieu au gymnase Valeyre du mardi au vendredi. Pour le groupe loisir senior, il s&rsquo;agit de jeu libre, il n&rsquo;y a pas d&rsquo;entraineur. Pour les jeunes, il y a toujours un entraineur. Vous trouverez sur notre site internet d&rsquo;ici mi juillet le planning et les tarifs de la saison prochaine. ici : <a href=\"http:\/\/scparisvolley.eu\" data-type=\"link\" data-id=\"scparisvolley.eu\">scparisvolley.eu<\/a><\/strong><\/p>\n\n\n\n<p>Pour les groupes loisirs gar\u00e7ons ou filles, seniors et jeunes nous ne pourrons pas vous donner d&rsquo;informations avant fin aout 2025, en effet nous avons d&rsquo;abord les r\u00e9inscriptions.<br>Pour les groupes comp\u00e9titions seniors, les contacts sont transmis aux entraineurs.<br>Pour les groupes comp\u00e9titions jeunes, nous vous contacterons d&rsquo;ici fin ao\u00fbt en fonction des besoins du club.<\/p>\n\n\n\n<p><strong><span style=\"text-decoration: underline;\">Comment fonctionnons nous pour le recrutement loisir<\/span><\/strong> : en fonction des r\u00e9inscriptions et des places restantes :<br>&#8211; Pour les jeunes en loisir : nous prenons tout niveau, si vous \u00eates convoqu\u00e9 : premier arriv\u00e9 avec dossier complet premier servi<br>&#8211; Pour les seniors en loisir : nous prenons niveau interm\u00e9diaire confirm\u00e9, je sais jouer en 6v6, je ne suis risque pas de blesser mes partenaires ou mes adversaires lorsque je joue, si vous \u00eates convoqu\u00e9 : une s\u00e9ance d&rsquo;essai vous sera propos\u00e9 pour s&rsquo;assurer de votre niveau, si c&rsquo;est ok vous pourrez vous inscrire, si le niveau n&rsquo;est pas suffisant vous ne pourrez vous inscrire.<\/p>\n\n\n\n<p><strong><span style=\"text-decoration: underline;\">Pour s&rsquo;engager en comp\u00e9tition<\/span><\/strong> : un niveau minimum requis est demand\u00e9 en fonction des diff\u00e9rentes cat\u00e9gories que nous avons (M13, M15, M18, Senior \u2026). Une pr\u00e9sence aux deux entrainements est demand\u00e9e \u00e0 tous les joueurs de l&rsquo;\u00e9quipe + une disponibilit\u00e9 pour tous les matchs de la saison (planning re\u00e7u courant septembre). Pour les jeunes : championnat le samedi, les coupes de France ou coupe \u00eele de France le dimanche (pas de match de championnat lorsqu&rsquo;il y a match de coupe et inversement)<\/p>\n\n\n\n<p><em>ATTENTION : la reprise des entrainements \u00e0 lieu lors de la premi\u00e8re semaine de septembre, nous n&rsquo;avons pas encore la date pr\u00e9cise.<\/em><\/p>\n\n\n\n<p>Nous faisons au mieux pour r\u00e9pondre \u00e0 tout le monde, et nous vous prions de nous excuser si nous avons quelques loup\u00e9s, vous \u00eates tr\u00e8s nombreux \u00e0 nous contacter.<\/p>\n","protected":false},"excerpt":{"rendered":"<p>Bienvenue sur le site du Sporting Club Paris Volley Voici le lien pour la liste d&rsquo;attente pour la saison prochaine : Merci de ne pas compl\u00e9ter plusieurs fois ce questionnaire, une fois suffit. Les entrainements ont lieu au gymnase Valeyre du mardi au vendredi. Pour le groupe loisir senior, il s&rsquo;agit de jeu libre, il&#8230; <\/p>\n<div class=\"clear\"><\/div>\n<p><a href=\"https:\/\/scparisvolley.eu\/\" class=\"gdlr-info-font excerpt-read-more\">Read More<\/a><\/p>\n","protected":false},"author":1,"featured_media":0,"parent":0,"menu_order":0,"comment_status":"closed","ping_status":"open","template":"","meta":{"footnotes":""},"_links":{"self":[{"href":"https:\/\/scparisvolley.eu\/index.php\/wp-json\/wp\/v2\/pages\/3304"}],"collection":[{"href":"https:\/\/scparisvolley.eu\/index.php\/wp-json\/wp\/v2\/pages"}],"about":[{"href":"https:\/\/scparisvolley.eu\/index.php\/wp-json\/wp\/v2\/types\/page"}],"author":[{"embeddable":true,"href":"https:\/\/scparisvolley.eu\/index.php\/wp-json\/wp\/v2\/users\/1"}],"replies":[{"embeddable":true,"href":"https:\/\/scparisvolley.eu\/index.php\/wp-json\/wp\/v2\/comments?post=3304"}],"version-history":[{"count":10,"href":"https:\/\/scparisvolley.eu\/index.php\/wp-json\/wp\/v2\/pages\/3304\/revisions"}],"predecessor-version":[{"id":4726,"href":"https:\/\/scparisvolley.eu\/index.php\/wp-json\/wp\/v2\/pages\/3304\/revisions\/4726"}],"wp:attachment":[{"href":"https:\/\/scparisvolley.eu\/index.php\/wp-json\/wp\/v2\/media?parent=3304"}],"curies":[{"name":"wp","href":"https:\/\/api.w.org\/{rel}","templated":true}]}}