


{"id":3964,"date":"2018-06-22T20:02:35","date_gmt":"2018-06-22T18:02:35","guid":{"rendered":"https:\/\/scparisvolley.eu\/?page_id=3964"},"modified":"2023-09-04T15:43:31","modified_gmt":"2023-09-04T13:43:31","slug":"loisirs","status":"publish","type":"page","link":"https:\/\/scparisvolley.eu\/index.php\/loisirs\/","title":{"rendered":"Loisir senior"},"content":{"rendered":"<div>\n<p>Bienvenue dans la section volley-ball loisir senior du SCPV !<\/p>\n<p>Vous aimez jouer au volley ? vous voulez pratiquer ce sport juste pour le plaisir ou en loisirs ?<br \/>\nAlors n\u2019h\u00e9sitez pas \u00e0 nous rejoindre !<\/p>\n<\/div>\n<div><\/div>\n<div>Venez faire une s\u00e9ance de test.<\/div>\n<div><\/div>\n<div>La section volley loisir du SCPV est une section ouverte aux adultes femmes et hommes de tous \u00e2ges (d\u00e8s 18 ans). Tous les niveaux de <b>interm\u00e9diaire \u00e0 confirm\u00e9 <\/b>sont accept\u00e9s pour la pratique d&rsquo;un volley-ball chaleureux et pour prendre du plaisir dans un esprit sportif<\/div>\n<div>\n<p>Nous sommes <strong><span style=\"color: red;\">complets<\/span><\/strong> pour les <span style=\"color: red;\">niveaux interm\u00e9diaires et confirm\u00e9s<\/span><span style=\"color: red;\"> et aussi<\/span><strong><span style=\"color: red;\"> pour les d\u00e9butants pour la saison 2023-2024<\/span><\/strong>.<\/p>\n<p>Les cr\u00e9neaux et gymnases sont disponibles <a href=\"https:\/\/scparisvolley.eu\/index.php\/les-creneaux\/\">ici<\/a>.<\/p>\n<p>Contactez nous sur la page <a href=\"https:\/\/www.facebook.com\/scparisvolley\/\">Facebook<\/a>\u00a0pour avoir des renseignements compl\u00e9mentaires.<\/p>\n<p>Sportivement le bureau loisir du SCPV<br \/>\n(S\u00e9verine, Laurent, Xavier, JC et Djeff)<\/p>\n<p><img decoding=\"async\" src=\"https:\/\/scparisvolley.eu\/wp-content\/uploads\/2023\/09\/2022_2023_Loisir-1.jpg\" \/><\/p>\n<\/div>\n","protected":false},"excerpt":{"rendered":"<p>Bienvenue dans la section volley-ball loisir senior du SCPV ! Vous aimez jouer au volley ? vous voulez pratiquer ce sport juste pour le plaisir ou en loisirs ? Alors n\u2019h\u00e9sitez pas \u00e0 nous rejoindre ! Venez faire une s\u00e9ance de test. La section volley loisir du SCPV est une section ouverte aux adultes femmes&#8230; <\/p>\n<div class=\"clear\"><\/div>\n<p><a href=\"https:\/\/scparisvolley.eu\/index.php\/loisirs\/\" class=\"gdlr-info-font excerpt-read-more\">Read More<\/a><\/p>\n","protected":false},"author":1,"featured_media":0,"parent":0,"menu_order":0,"comment_status":"closed","ping_status":"closed","template":"","meta":{"footnotes":""},"_links":{"self":[{"href":"https:\/\/scparisvolley.eu\/index.php\/wp-json\/wp\/v2\/pages\/3964"}],"collection":[{"href":"https:\/\/scparisvolley.eu\/index.php\/wp-json\/wp\/v2\/pages"}],"about":[{"href":"https:\/\/scparisvolley.eu\/index.php\/wp-json\/wp\/v2\/types\/page"}],"author":[{"embeddable":true,"href":"https:\/\/scparisvolley.eu\/index.php\/wp-json\/wp\/v2\/users\/1"}],"replies":[{"embeddable":true,"href":"https:\/\/scparisvolley.eu\/index.php\/wp-json\/wp\/v2\/comments?post=3964"}],"version-history":[{"count":10,"href":"https:\/\/scparisvolley.eu\/index.php\/wp-json\/wp\/v2\/pages\/3964\/revisions"}],"predecessor-version":[{"id":4703,"href":"https:\/\/scparisvolley.eu\/index.php\/wp-json\/wp\/v2\/pages\/3964\/revisions\/4703"}],"wp:attachment":[{"href":"https:\/\/scparisvolley.eu\/index.php\/wp-json\/wp\/v2\/media?parent=3964"}],"curies":[{"name":"wp","href":"https:\/\/api.w.org\/{rel}","templated":true}]}}