


{"id":4420,"date":"2020-06-21T23:48:01","date_gmt":"2020-06-21T21:48:01","guid":{"rendered":"https:\/\/scparisvolley.eu\/?page_id=4420"},"modified":"2022-09-10T14:44:00","modified_gmt":"2022-09-10T12:44:00","slug":"loisir-jeune","status":"publish","type":"page","link":"https:\/\/scparisvolley.eu\/index.php\/loisir-jeune\/","title":{"rendered":"Loisir jeune"},"content":{"rendered":"\n<p>Vous avez moins de 20 ans, vous souhaitez d\u00e9couvrir ou approfondir le volley-ball sans avoir les contraintes de la comp\u00e9tition, les cr\u00e9neaux loisirs jeunes sont fait pour vous. <\/p>\n\n\n\n<p>Encadrez par un entra\u00eeneur vous apprendrez toute la technique et la tactique dont un(e) volleyeur\/volleyeuse a besoin pour pratiquer pleinement sa passion.<\/p>\n\n\n\n<p>Les cr\u00e9neaux et gymnases sont disponibles&nbsp;<a href=\"https:\/\/scparisvolley.eu\/index.php\/les-creneaux\/\">ici<\/a>. <\/p>\n\n\n\n<p>\u00c0 bient\u00f4t sur le terrain !<\/p>\n","protected":false},"excerpt":{"rendered":"<p>Vous avez moins de 20 ans, vous souhaitez d\u00e9couvrir ou approfondir le volley-ball sans avoir les contraintes de la comp\u00e9tition, les cr\u00e9neaux loisirs jeunes sont fait pour vous. Encadrez par un entra\u00eeneur vous apprendrez toute la technique et la tactique dont un(e) volleyeur\/volleyeuse a besoin pour pratiquer pleinement sa passion. Les cr\u00e9neaux et gymnases sont&#8230; <\/p>\n<div class=\"clear\"><\/div>\n<p><a href=\"https:\/\/scparisvolley.eu\/index.php\/loisir-jeune\/\" class=\"gdlr-info-font excerpt-read-more\">Read More<\/a><\/p>\n","protected":false},"author":1,"featured_media":0,"parent":0,"menu_order":0,"comment_status":"closed","ping_status":"closed","template":"","meta":{"footnotes":""},"_links":{"self":[{"href":"https:\/\/scparisvolley.eu\/index.php\/wp-json\/wp\/v2\/pages\/4420"}],"collection":[{"href":"https:\/\/scparisvolley.eu\/index.php\/wp-json\/wp\/v2\/pages"}],"about":[{"href":"https:\/\/scparisvolley.eu\/index.php\/wp-json\/wp\/v2\/types\/page"}],"author":[{"embeddable":true,"href":"https:\/\/scparisvolley.eu\/index.php\/wp-json\/wp\/v2\/users\/1"}],"replies":[{"embeddable":true,"href":"https:\/\/scparisvolley.eu\/index.php\/wp-json\/wp\/v2\/comments?post=4420"}],"version-history":[{"count":4,"href":"https:\/\/scparisvolley.eu\/index.php\/wp-json\/wp\/v2\/pages\/4420\/revisions"}],"predecessor-version":[{"id":4587,"href":"https:\/\/scparisvolley.eu\/index.php\/wp-json\/wp\/v2\/pages\/4420\/revisions\/4587"}],"wp:attachment":[{"href":"https:\/\/scparisvolley.eu\/index.php\/wp-json\/wp\/v2\/media?parent=4420"}],"curies":[{"name":"wp","href":"https:\/\/api.w.org\/{rel}","templated":true}]}}