


{"id":91,"date":"2017-05-30T17:46:40","date_gmt":"2017-05-30T16:46:40","guid":{"rendered":"https:\/\/sportingclubparisvolley.wordpress.com\/?page_id=91"},"modified":"2023-08-28T07:03:06","modified_gmt":"2023-08-28T05:03:06","slug":"le-staff","status":"publish","type":"page","link":"https:\/\/scparisvolley.eu\/index.php\/le-staff\/","title":{"rendered":"Le staff"},"content":{"rendered":"<p>Nous sommes toujours \u00e0 la recherche de nouvelles personnes pour compl\u00e9ter l&rsquo;\u00e9quipe d&rsquo;encadrement que ce soit pour les entra\u00eenements et accompagnements aux matchs des jeunes mais aussi de la gestion de l&rsquo;association. Si vous \u00eates int\u00e9ress\u00e9s, vous pouvez contacter votre entra\u00eeneur ou un membre du bureau.<\/p>\n<p><strong>Comit\u00e9 de direction<\/strong><br \/>\nH\u00e9l\u00e8ne (pr\u00e9sidente)<br \/>\nChrista (tr\u00e9sori\u00e8re)<br \/>\nEdwige<br \/>\nMaxime<br \/>\nCl\u00e9ment<br \/>\nPhilippe<\/p>\n<p><strong>Entra\u00eeneurs<\/strong><br \/>\nFabrice<br \/>\nHugo<br \/>\nFran\u00e7ois-Xavier<br \/>\nChrista<br \/>\nCl\u00e9ment<br \/>\nVictor<br \/>\nJoris<br \/>\nChristophe<br \/>\nEdwige<br \/>\nPhilippe<\/p>\n<p><strong>Arbitres<\/strong><br \/>\nMathilde<br \/>\nMarion<br \/>\nAykan<\/p>\n<p><strong>Marqueur<\/strong><\/p>\n<p>Lut\u00e8ce<br \/>\nPaul<\/p>\n","protected":false},"excerpt":{"rendered":"<p>Nous sommes toujours \u00e0 la recherche de nouvelles personnes pour compl\u00e9ter l&rsquo;\u00e9quipe d&rsquo;encadrement que ce soit pour les entra\u00eenements et accompagnements aux matchs des jeunes mais aussi de la gestion de l&rsquo;association. Si vous \u00eates int\u00e9ress\u00e9s, vous pouvez contacter votre entra\u00eeneur ou un membre du bureau. Comit\u00e9 de direction H\u00e9l\u00e8ne (pr\u00e9sidente) Christa (tr\u00e9sori\u00e8re) Edwige Maxime&#8230; <\/p>\n<div class=\"clear\"><\/div>\n<p><a href=\"https:\/\/scparisvolley.eu\/index.php\/le-staff\/\" class=\"gdlr-info-font excerpt-read-more\">Read More<\/a><\/p>\n","protected":false},"author":2,"featured_media":0,"parent":0,"menu_order":0,"comment_status":"closed","ping_status":"closed","template":"","meta":{"footnotes":""},"_links":{"self":[{"href":"https:\/\/scparisvolley.eu\/index.php\/wp-json\/wp\/v2\/pages\/91"}],"collection":[{"href":"https:\/\/scparisvolley.eu\/index.php\/wp-json\/wp\/v2\/pages"}],"about":[{"href":"https:\/\/scparisvolley.eu\/index.php\/wp-json\/wp\/v2\/types\/page"}],"author":[{"embeddable":true,"href":"https:\/\/scparisvolley.eu\/index.php\/wp-json\/wp\/v2\/users\/2"}],"replies":[{"embeddable":true,"href":"https:\/\/scparisvolley.eu\/index.php\/wp-json\/wp\/v2\/comments?post=91"}],"version-history":[{"count":10,"href":"https:\/\/scparisvolley.eu\/index.php\/wp-json\/wp\/v2\/pages\/91\/revisions"}],"predecessor-version":[{"id":4646,"href":"https:\/\/scparisvolley.eu\/index.php\/wp-json\/wp\/v2\/pages\/91\/revisions\/4646"}],"wp:attachment":[{"href":"https:\/\/scparisvolley.eu\/index.php\/wp-json\/wp\/v2\/media?parent=91"}],"curies":[{"name":"wp","href":"https:\/\/api.w.org\/{rel}","templated":true}]}}