


{"id":96,"date":"2017-05-30T17:50:13","date_gmt":"2017-05-30T16:50:13","guid":{"rendered":"https:\/\/sportingclubparisvolley.wordpress.com\/?page_id=96"},"modified":"2023-09-04T13:19:49","modified_gmt":"2023-09-04T11:19:49","slug":"les-creneaux","status":"publish","type":"page","link":"https:\/\/scparisvolley.eu\/index.php\/les-creneaux\/","title":{"rendered":"Les cr\u00e9neaux"},"content":{"rendered":"<p>Tous les entra\u00eenements ont lieu \u00e0 <a href=\"https:\/\/scparisvolley.eu\/index.php\/acces\/\">Valeyre<\/a>.<\/p>\n<p><img decoding=\"async\" src=\"https:\/\/scparisvolley.eu\/wp-content\/uploads\/2023\/09\/SCPV_Creneaux_Saison2023-2024-scaled.jpg\" \/><\/p>\n","protected":false},"excerpt":{"rendered":"<p>Tous les entra\u00eenements ont lieu \u00e0 Valeyre.<\/p>\n","protected":false},"author":2,"featured_media":0,"parent":0,"menu_order":0,"comment_status":"closed","ping_status":"closed","template":"","meta":{"footnotes":""},"_links":{"self":[{"href":"https:\/\/scparisvolley.eu\/index.php\/wp-json\/wp\/v2\/pages\/96"}],"collection":[{"href":"https:\/\/scparisvolley.eu\/index.php\/wp-json\/wp\/v2\/pages"}],"about":[{"href":"https:\/\/scparisvolley.eu\/index.php\/wp-json\/wp\/v2\/types\/page"}],"author":[{"embeddable":true,"href":"https:\/\/scparisvolley.eu\/index.php\/wp-json\/wp\/v2\/users\/2"}],"replies":[{"embeddable":true,"href":"https:\/\/scparisvolley.eu\/index.php\/wp-json\/wp\/v2\/comments?post=96"}],"version-history":[{"count":10,"href":"https:\/\/scparisvolley.eu\/index.php\/wp-json\/wp\/v2\/pages\/96\/revisions"}],"predecessor-version":[{"id":4666,"href":"https:\/\/scparisvolley.eu\/index.php\/wp-json\/wp\/v2\/pages\/96\/revisions\/4666"}],"wp:attachment":[{"href":"https:\/\/scparisvolley.eu\/index.php\/wp-json\/wp\/v2\/media?parent=96"}],"curies":[{"name":"wp","href":"https:\/\/api.w.org\/{rel}","templated":true}]}}